{"id":3,"date":"2025-09-19T23:37:49","date_gmt":"2025-09-19T23:37:49","guid":{"rendered":"http:\/\/gator4049\/cgi\/addon_GT.cgi?s=GT::WP::Install::Cpanel+%28jesus%29+-+127.0.0.1+%5Bnocaller%5D\/?page_id=3"},"modified":"2025-10-19T01:26:13","modified_gmt":"2025-10-19T01:26:13","slug":"aviso-de-privacidad","status":"publish","type":"page","link":"https:\/\/unidelbw.mx\/staging\/6191\/aviso-de-privacidad\/","title":{"rendered":"Aviso de privacidad"},"content":{"rendered":"\n<p class=\"\"><strong>Unidelbw.mx&nbsp;<\/strong>con domicilio en Miguel Hidalgo #136 Esquina con allende, Col centro, 81200, Los mochis, Sinaloa en cumplimiento a las disposiciones aplicables de la Ley Federal de Protecci\u00f3n de Datos Personales en Posesi\u00f3n de los Particulares, su Reglamento y dem\u00e1s ordenamientos aplicables (la&nbsp;\u201cLey\u201d), pone a su disposici\u00f3n el presente aviso de privacidad (el&nbsp;\u201cAviso de Privacidad\u201d). Se consideran como datos personales cualquier informaci\u00f3n o documentaci\u00f3n concerniente a una persona f\u00edsica, que la identifique o que pueda ser asociada a una persona identificable (los \u201cDatos Personales\u201d) Unidelbw.mx&nbsp; protege la privacidad y es el responsable del tratamiento de los Datos Personales que proporciona su titular (el \u201cTitular\u201d). En t\u00e9rminos del art\u00edculo 8 de la Ley, el Titular consiente t\u00e1citamente el tratamiento de sus Datos Personales, aceptando que se puso a su disposici\u00f3n el Aviso de Privacidad y no manifiesta oposici\u00f3n al mismo.<\/p>\n\n\n\n<p class=\"\">El Aviso de Privacidad est\u00e1 dirigido a cualquier Titular que proporcione sus Datos Personales en virtud de los siguiente: <\/p>\n\n\n\n<ol class=\"wp-block-list\">\n<li class=\"\">Los clientes que realizan compras en las tiendas;<\/li>\n\n\n\n<li class=\"\">Los clientes y\/o usuarios que realizan compras o utilizan esta p\u00e1gina web (en adelante&nbsp;\u201cSitio Web\u201d), y <\/li>\n\n\n\n<li class=\"\">Cualquier persona que haga uso de las redes sociales administradas por nosotros y otros posibles medios de comunicaci\u00f3n, encuestas presenciales en eventos propios o de terceros, as\u00ed como para informaci\u00f3n recopilada por cualquier otro medio.<\/li>\n<\/ol>\n\n\n\n<h3 class=\"wp-block-heading\"><strong>1. DATOS PERSONALES QUE SER\u00c1N RECOPILADOS<\/strong><\/h3>\n\n\n\n<p class=\"\">Recabaremos y trataremos los siguientes Datos Personales: Datos de identificaci\u00f3n, datos de contacto, personales patrimoniales y\/o financieros, datos fiscales. Direcci\u00f3n IP para acceder al Sitio Web, preferencias del Titular, tipo de navegador, actividad en el Sitio Web, URL, hit, p\u00e1gina, archivo, visitante (direcci\u00f3n IP o https cookie), visita, host, navegador (<em>web browser<\/em>), datos que pudieren usar o requerir herramientas de an\u00e1lisis de h\u00e1bitos de navegaci\u00f3n tales como&nbsp;<em>Google Analytics<\/em>, registros de im\u00e1genes y\/o voz obtenidos a trav\u00e9s de sistemas de video-vigilancia en las tiendas, entre otros registros.<\/p>\n\n\n\n<p class=\"\">No recop\u00edlamos datos personales sensibles. Los datos que se recaban son necesarios para la relaci\u00f3n comercial entre los Titulares y nosotros.<\/p>\n\n\n\n<p class=\"\">El Titular se obliga a que los Datos Personales sean ver\u00eddicos, completos, exactos, as\u00ed como a tener la propiedad y el derecho para proporcionarlos y hacer uso de ellos. Cualquier dato falso, incompleto, inexacto o que necesite la autorizaci\u00f3n de un tercero ser\u00e1 exclusiva responsabilidad del Titular, por lo que en este acto nos libera de cualquier tipo de responsabilidad que derive por omisi\u00f3n del Titular a lo establecido en el presente p\u00e1rrafo.<\/p>\n\n\n\n<h3 class=\"wp-block-heading\"><strong>2. TRATAMIENTO DE LOS DATOS PERSONALES.<\/strong><\/h3>\n\n\n\n<p class=\"\">Finalidades primarias:<\/p>\n\n\n\n<ol style=\"list-style-type:lower-alpha\" class=\"wp-block-list\">\n<li class=\"\">Procesar solicitudes y pagos por compra de productos, as\u00ed como para evaluar el m\u00e9todo de pago, prevenir fraudes y coordinar la entrega del pedido de cualquier producto.<\/li>\n\n\n\n<li class=\"\">Procesar los Datos Personales del Titular para emitir facturas, procesar devoluciones de productos, administrar el historial de las transacciones del Titular, dar seguimiento a aclaraciones e investigaciones y administrar cualquier programa de mercadotecnia.<\/li>\n\n\n\n<li class=\"\">Establecer comunicaci\u00f3n con el Titular por cualquier motivo que derive de la relaci\u00f3n comercial, incluyendo aspectos relacionados con la entrega de los pedidos de productos, seguimiento a cualquier aclaraci\u00f3n o notificar cualquier modificaci\u00f3n sobre los productos.<\/li>\n<\/ol>\n\n\n\n<p class=\"\">Finalidades secundarias:<\/p>\n\n\n\n<ol style=\"list-style-type:lower-alpha\" class=\"wp-block-list\">\n<li class=\"\">Para enviar al Titular cualquier tipo de informaci\u00f3n promocional tales como publicaciones, encuestas, ofertas y recomendaciones, por cualquier tipo de medio electr\u00f3nico.<\/li>\n<\/ol>\n\n\n\n<p class=\"\">Le informamos que las anteriores finalidades secundarias tienen como base de legitimaci\u00f3n su consentimiento. Lo anterior quiere decir que usted en cualquier momento puede oponerse a cualquiera de ellas, o bien, revocar su consentimiento. Es importante que tenga presente que, en caso de otorgar su consentimiento, \u00e9ste seguir\u00e1 siendo v\u00e1lido incluso cuando hubiese terminado su relaci\u00f3n comercial con nosotros, lo que significa que podremos seguir tratando sus datos personales necesarios para cumplir con las presentes finalidades secundarias.<\/p>\n\n\n\n<p class=\"\">Si usted no desea que tratemossus datos personales para alguna de las finalidades secundarias descritas en este apartado, por favor env\u00ede un correo electr\u00f3nico a unidelbw@unidel.mx. Usted podr\u00e1 cambiar de opci\u00f3n en cualquier momento.<\/p>\n\n\n\n<h3 class=\"wp-block-heading\"><strong>3. TRANSFERENCIA DE LOS DATOS PERSONALES.<\/strong><\/h3>\n\n\n\n<p class=\"\">Unidelbw.mx no vende, cede o lucra en formar alguna los Datos Personales con terceros, pero s\u00ed podr\u00e1 compartirlos con terceros para los t\u00e9rminos establecidos en este Aviso de Privacidad y de acuerdo con la finalidad del tratamiento de los Datos Personales, en cuyo caso esa divulgaci\u00f3n estar\u00e1 sujeta a nuestra pol\u00edtica de privacidad.<\/p>\n\n\n\n<p class=\"\">Moda Uniforme se reserva la facultad de compartir y\/o transferir los Datos Personales a terceros, de conformidad con lo que se establecen a continuaci\u00f3n.<\/p>\n\n\n\n<ol style=\"list-style-type:lower-alpha\" class=\"wp-block-list\">\n<li class=\"\">Transferencias no sujetas a consentimiento: Unidelbw.mx podr\u00e1 transmitir sus Datos Personales sin requerir de su consentimiento en los siguientes supuestos:\n<ul class=\"wp-block-list\">\n<li class=\"\">Se encuentre dentro de los supuestos establecidos en el art\u00edculo 37 de la Ley.<\/li>\n\n\n\n<li class=\"\">Autoridades competentes en los casos legalmente previstos, especialmente en aquellos casos necesarios para el cumplimiento de obligaciones en materia de protecci\u00f3n de datos personales.<\/li>\n\n\n\n<li class=\"\">A empresas del grupo, las cuales operan bajo pol\u00edticas de privacidad que cumplen con las disposiciones aplicables correspondientes para dar cumplimiento a las finalidades se\u00f1aladas en el presente aviso.<\/li>\n<\/ul>\n<\/li>\n\n\n\n<li class=\"\">Transferencias sujetas a su consentimiento: Si usted no se opone, podremos transferir sus datos personales a las siguientes entidades en los siguientes supuestos:\n<ul class=\"wp-block-list\">\n<li class=\"\">A empresas con las que tengamos celebrados convenios para ofrecerle promociones y\/o descuentos sobre sus servicios y\/o productos.<\/li>\n<\/ul>\n<\/li>\n<\/ol>\n\n\n\n<p class=\"\">Si por cualquier raz\u00f3n usted no est\u00e1 de acuerdo&nbsp;en la transferencia de sus Datos Personales, podr\u00e1 ejercer sus derechos ARCO conforme al procedimiento establecido para tal efecto en el presente Aviso de Privacidad.<\/p>\n\n\n\n<h3 class=\"wp-block-heading\"><strong>4. DERECHOS ARCO<\/strong><\/h3>\n\n\n\n<p class=\"\">El Titular podr\u00e1 ejercer sus derechos ARCO (Acceso, Rectificaci\u00f3n, Cancelaci\u00f3n y Oposici\u00f3n) as\u00ed como revocar su consentimiento para el tratamiento de sus Datos Personales en cualquier momento, contactando directamente a Moda Uniforme al correo electr\u00f3nico&nbsp;unidelbw@unidel.mx.<\/p>\n\n\n\n<p class=\"\">La solicitud deber\u00e1 contener la informaci\u00f3n que se se\u00f1ala a continuaci\u00f3n, independientemente de lo establecido en el art\u00edculo 29 de la Ley.<\/p>\n\n\n\n<ol style=\"list-style-type:lower-roman\" class=\"wp-block-list\">\n<li class=\"\">Datos del titular: Nombre Completo, Domicilio Completo, Tel\u00e9fono y Correo electr\u00f3nico (donde se le comunicar\u00e1 la respuesta a su solicitud) debiendo adjuntar la copia de su identificaci\u00f3n oficial (INE o Pasaporte).<\/li>\n\n\n\n<li class=\"\">Informaci\u00f3n del representante legal (en caso de aplicar): Nombre Completo, y en caso de ser representante legal del titular deber\u00e1 acompa\u00f1ar a su escrito el instrumento p\u00fablico correspondiente en original, o en su caso, carta poder firmada ante dos testigos, as\u00ed como copia de su identificaci\u00f3n oficial (INE o Pasaporte).<\/li>\n\n\n\n<li class=\"\">Derechos ARCO: Indicar el (los) derecho (s) que desea ejercer: Acceso, Rectificaci\u00f3n, Cancelaci\u00f3n y\/u Oposici\u00f3n. Asimismo, se deber\u00e1 hacer una descripci\u00f3n de los Datos Personales respecto de los que se busca ejercer el (los) derecho (s) se\u00f1alados anteriormente y\/o cualquier otro comentario que nos ayude a atender mejor su derecho.<\/li>\n\n\n\n<li class=\"\">Otra documentaci\u00f3n necesaria: La documentaci\u00f3n que respalde la solicitud deber\u00e1 adjuntarse en copia simple, por ejemplo, en la solicitud de rectificaci\u00f3n de Datos Personales se deber\u00e1 relacionar y adjuntar el dato incorrecto, el dato correcto y el documento acreditativo.<\/li>\n<\/ol>\n\n\n\n<p class=\"\">En caso de que la informaci\u00f3n proporcionada en la solicitud sea err\u00f3nea o insuficiente, o bien, no se acompa\u00f1en los documentos de acreditaci\u00f3n correspondientes, le podremos requerir que subsane lo que resulte necesario dentro de los 5 (cinco) d\u00edas h\u00e1biles siguientes a la fecha de recepci\u00f3n de la solicitud.&nbsp;En ese supuesto, el Titular contar\u00e1 con 10 (diez) d\u00edas h\u00e1biles, contados a partir del requerimiento, para subsanar o rectificar la solicitud correspondiente, de lo contrario, en caso de que no se subsane lo solicitado en dicho plazo, la solicitud se tendr\u00e1 por no presentada.<\/p>\n\n\n\n<p class=\"\">Unidelbw.mx comunicar\u00e1 a Titular la resoluci\u00f3n adoptada dentro de un plazo de 20 (veinte) d\u00edas h\u00e1biles siguientes contados a partir de la fecha en que haya recibido la solicitud o a partir de que la fecha en que el Titular haya subsanado el requerimiento realizado, seg\u00fan corresponda. La resoluci\u00f3n ser\u00e1 efectiva dentro de los 15 (quince) d\u00edas h\u00e1biles siguientes a partir de la fecha de notificaci\u00f3n de la resoluci\u00f3n que corresponda. La resoluci\u00f3n se dar\u00e1 por la misma v\u00eda en que nos envi\u00f3 su solicitud.<\/p>\n\n\n\n<p class=\"\">Usted podr\u00e1 limitar el uso o divulgaci\u00f3n de sus datos personales enviando su solicitud a unidelbw@unidel.mx. Los requisitos para acreditar su identidad, as\u00ed como el procedimiento para atender su solicitud se regir\u00e1n por los mismos criterios se\u00f1alados en el apartado anterior.<\/p>\n\n\n\n<p class=\"\">En caso de que su solicitud resulte procedente, se le registrar\u00e1 en el listado de exclusi\u00f3n propio de Moda Uniforme con el objeto de que usted deje de recibir nuestras promociones.<\/p>\n\n\n\n<p class=\"\">En caso de considerarlo necesario, le informamos que tiene el derecho de acudir ante el Instituto Nacional de Transparencia Acceso a la Informaci\u00f3n y Protecci\u00f3n de Datos Personales (INAI) para hacer valer cualquier inconformidad relacionada con su derecho a la protecci\u00f3n de datos personales<\/p>\n\n\n\n<h3 class=\"wp-block-heading\"><strong>5.USO DE COOKIES, WEB BEACONS Y OTRAS TECNOLOG\u00cdAS DE RASTREO<\/strong><\/h3>\n\n\n\n<p class=\"\">El sitio web utiliza la tecnolog\u00eda denominada \u201ccookie\u201d. Una cookie es una pieza de informaci\u00f3n que se env\u00eda a su navegador web cuando visita un sitio web. Nuestras cookies son almacenadas por Google Analytics anonimizando la informaci\u00f3n y sin resguardar sus datos personales. La secci\u00f3n de Ayuda de su navegador puede indicarle como controlar el uso de cookies.<\/p>\n\n\n\n<h3 class=\"wp-block-heading\"><strong>6. MODIFICACIONES<\/strong><\/h3>\n\n\n\n<p class=\"\">Unidelbw.mx se reserva el derecho de cambiar el contenido del presente Aviso de Privacidad en cualquier momento. En caso de que exista alg\u00fan cambio en este Aviso de Privacidad, lo comunicaremos publicando una nota visible en cualquier parte del Sitio Web, en este acto el Titular acepta que la notificaci\u00f3n de las modificaciones al Aviso de Privacidad surtir\u00e1n sus efectos desde el momento en que Moda Uniforme las publique en el Sitio Web.<\/p>\n\n\n\n<p class=\"\">El Titular acepta y se obliga a revisar de tiempo en tiempo el contenido de este Aviso de Privacidad en el Sitio Web.<\/p>\n","protected":false},"excerpt":{"rendered":"<p>Unidelbw.mx&nbsp;con domicilio en Miguel Hidalgo #136 Esquina con allende, Col centro, 81200, Los mochis, Sinaloa en cumplimiento a las disposiciones aplicables de la Ley Federal de Protecci\u00f3n de Datos Personales en Posesi\u00f3n de los Particulares, su Reglamento y dem\u00e1s ordenamientos aplicables (la&nbsp;\u201cLey\u201d), pone a su disposici\u00f3n el presente aviso de privacidad (el&nbsp;\u201cAviso de Privacidad\u201d). Se consideran como datos personales cualquier\u2026<\/p>\n","protected":false},"author":1,"featured_media":0,"parent":0,"menu_order":0,"comment_status":"closed","ping_status":"open","template":"","meta":{"nf_dc_page":"","_monsterinsights_skip_tracking":false,"_monsterinsights_sitenote_active":false,"_monsterinsights_sitenote_note":"","_monsterinsights_sitenote_category":0,"footnotes":""},"class_list":["post-3","page","type-page","status-publish","hentry"],"yoast_head":"<!-- This site is optimized with the Yoast SEO Premium plugin v26.5 (Yoast SEO v27.5) - https:\/\/yoast.com\/product\/yoast-seo-premium-wordpress\/ -->\n<title>Aviso de privacidad - Unidel BW<\/title>\n<meta name=\"robots\" content=\"index, follow, max-snippet:-1, max-image-preview:large, max-video-preview:-1\" \/>\n<link rel=\"canonical\" href=\"https:\/\/unidelbw.mx\/staging\/6191\/aviso-de-privacidad\/\" \/>\n<meta property=\"og:locale\" content=\"es_MX\" \/>\n<meta property=\"og:type\" content=\"article\" \/>\n<meta property=\"og:title\" content=\"Aviso de privacidad\" \/>\n<meta property=\"og:description\" content=\"Unidelbw.mx&nbsp;con domicilio en Miguel Hidalgo #136 Esquina con allende, Col centro, 81200, Los mochis, Sinaloa en cumplimiento a las disposiciones aplicables de la Ley Federal de Protecci\u00f3n de Datos Personales en Posesi\u00f3n de los Particulares, su Reglamento y dem\u00e1s ordenamientos aplicables (la&nbsp;\u201cLey\u201d), pone a su disposici\u00f3n el presente aviso de privacidad (el&nbsp;\u201cAviso de Privacidad\u201d). Se consideran como datos personales cualquier\u2026\" \/>\n<meta property=\"og:url\" content=\"https:\/\/unidelbw.mx\/staging\/6191\/aviso-de-privacidad\/\" \/>\n<meta property=\"og:site_name\" content=\"Unidel BW\" \/>\n<meta property=\"article:publisher\" content=\"https:\/\/www.facebook.com\/unidelbw\/\" \/>\n<meta property=\"article:modified_time\" content=\"2025-10-19T01:26:13+00:00\" \/>\n<meta name=\"twitter:card\" content=\"summary_large_image\" \/>\n<meta name=\"twitter:label1\" content=\"Tiempo de lectura\" \/>\n\t<meta name=\"twitter:data1\" content=\"7 minutos\" \/>\n<script type=\"application\/ld+json\" class=\"yoast-schema-graph\">{\"@context\":\"https:\\\/\\\/schema.org\",\"@graph\":[{\"@type\":\"WebPage\",\"@id\":\"https:\\\/\\\/unidelbw.mx\\\/staging\\\/6191\\\/aviso-de-privacidad\\\/\",\"url\":\"https:\\\/\\\/unidelbw.mx\\\/staging\\\/6191\\\/aviso-de-privacidad\\\/\",\"name\":\"Aviso de privacidad - Unidel BW\",\"isPartOf\":{\"@id\":\"https:\\\/\\\/unidelbw.mx\\\/#website\"},\"datePublished\":\"2025-09-19T23:37:49+00:00\",\"dateModified\":\"2025-10-19T01:26:13+00:00\",\"breadcrumb\":{\"@id\":\"https:\\\/\\\/unidelbw.mx\\\/staging\\\/6191\\\/aviso-de-privacidad\\\/#breadcrumb\"},\"inLanguage\":\"es\",\"potentialAction\":[{\"@type\":\"ReadAction\",\"target\":[\"https:\\\/\\\/unidelbw.mx\\\/staging\\\/6191\\\/aviso-de-privacidad\\\/\"]}]},{\"@type\":\"BreadcrumbList\",\"@id\":\"https:\\\/\\\/unidelbw.mx\\\/staging\\\/6191\\\/aviso-de-privacidad\\\/#breadcrumb\",\"itemListElement\":[{\"@type\":\"ListItem\",\"position\":1,\"name\":\"Home\",\"item\":\"https:\\\/\\\/unidelbw.mx\\\/staging\\\/6191\\\/\"},{\"@type\":\"ListItem\",\"position\":2,\"name\":\"Aviso de privacidad\"}]},{\"@type\":\"WebSite\",\"@id\":\"https:\\\/\\\/unidelbw.mx\\\/#website\",\"url\":\"https:\\\/\\\/unidelbw.mx\\\/\",\"name\":\"Unidel BW\",\"description\":\"Compra uniformes Blue&amp;White al mayoreo en l\u00ednea\",\"publisher\":{\"@id\":\"https:\\\/\\\/unidelbw.mx\\\/#organization\"},\"potentialAction\":[{\"@type\":\"SearchAction\",\"target\":{\"@type\":\"EntryPoint\",\"urlTemplate\":\"https:\\\/\\\/unidelbw.mx\\\/?s={search_term_string}\"},\"query-input\":{\"@type\":\"PropertyValueSpecification\",\"valueRequired\":true,\"valueName\":\"search_term_string\"}}],\"inLanguage\":\"es\"},{\"@type\":\"Organization\",\"@id\":\"https:\\\/\\\/unidelbw.mx\\\/#organization\",\"name\":\"Unidel BW\",\"url\":\"https:\\\/\\\/unidelbw.mx\\\/\",\"logo\":{\"@type\":\"ImageObject\",\"inLanguage\":\"es\",\"@id\":\"https:\\\/\\\/unidelbw.mx\\\/#\\\/schema\\\/logo\\\/image\\\/\",\"url\":\"https:\\\/\\\/i0.wp.com\\\/unidelbw.mx\\\/staging\\\/6191\\\/wp-content\\\/uploads\\\/2025\\\/09\\\/LogoUBW.webp?fit=250%2C250&ssl=1\",\"contentUrl\":\"https:\\\/\\\/i0.wp.com\\\/unidelbw.mx\\\/staging\\\/6191\\\/wp-content\\\/uploads\\\/2025\\\/09\\\/LogoUBW.webp?fit=250%2C250&ssl=1\",\"width\":250,\"height\":250,\"caption\":\"Unidel BW\"},\"image\":{\"@id\":\"https:\\\/\\\/unidelbw.mx\\\/#\\\/schema\\\/logo\\\/image\\\/\"},\"sameAs\":[\"https:\\\/\\\/www.facebook.com\\\/unidelbw\\\/\"]}]}<\/script>\n<!-- \/ Yoast SEO Premium plugin. -->","yoast_head_json":{"title":"Aviso de privacidad - Unidel BW","robots":{"index":"index","follow":"follow","max-snippet":"max-snippet:-1","max-image-preview":"max-image-preview:large","max-video-preview":"max-video-preview:-1"},"canonical":"https:\/\/unidelbw.mx\/staging\/6191\/aviso-de-privacidad\/","og_locale":"es_MX","og_type":"article","og_title":"Aviso de privacidad","og_description":"Unidelbw.mx&nbsp;con domicilio en Miguel Hidalgo #136 Esquina con allende, Col centro, 81200, Los mochis, Sinaloa en cumplimiento a las disposiciones aplicables de la Ley Federal de Protecci\u00f3n de Datos Personales en Posesi\u00f3n de los Particulares, su Reglamento y dem\u00e1s ordenamientos aplicables (la&nbsp;\u201cLey\u201d), pone a su disposici\u00f3n el presente aviso de privacidad (el&nbsp;\u201cAviso de Privacidad\u201d). Se consideran como datos personales cualquier\u2026","og_url":"https:\/\/unidelbw.mx\/staging\/6191\/aviso-de-privacidad\/","og_site_name":"Unidel BW","article_publisher":"https:\/\/www.facebook.com\/unidelbw\/","article_modified_time":"2025-10-19T01:26:13+00:00","twitter_card":"summary_large_image","twitter_misc":{"Tiempo de lectura":"7 minutos"},"schema":{"@context":"https:\/\/schema.org","@graph":[{"@type":"WebPage","@id":"https:\/\/unidelbw.mx\/staging\/6191\/aviso-de-privacidad\/","url":"https:\/\/unidelbw.mx\/staging\/6191\/aviso-de-privacidad\/","name":"Aviso de privacidad - Unidel BW","isPartOf":{"@id":"https:\/\/unidelbw.mx\/#website"},"datePublished":"2025-09-19T23:37:49+00:00","dateModified":"2025-10-19T01:26:13+00:00","breadcrumb":{"@id":"https:\/\/unidelbw.mx\/staging\/6191\/aviso-de-privacidad\/#breadcrumb"},"inLanguage":"es","potentialAction":[{"@type":"ReadAction","target":["https:\/\/unidelbw.mx\/staging\/6191\/aviso-de-privacidad\/"]}]},{"@type":"BreadcrumbList","@id":"https:\/\/unidelbw.mx\/staging\/6191\/aviso-de-privacidad\/#breadcrumb","itemListElement":[{"@type":"ListItem","position":1,"name":"Home","item":"https:\/\/unidelbw.mx\/staging\/6191\/"},{"@type":"ListItem","position":2,"name":"Aviso de privacidad"}]},{"@type":"WebSite","@id":"https:\/\/unidelbw.mx\/#website","url":"https:\/\/unidelbw.mx\/","name":"Unidel BW","description":"Compra uniformes Blue&amp;White al mayoreo en l\u00ednea","publisher":{"@id":"https:\/\/unidelbw.mx\/#organization"},"potentialAction":[{"@type":"SearchAction","target":{"@type":"EntryPoint","urlTemplate":"https:\/\/unidelbw.mx\/?s={search_term_string}"},"query-input":{"@type":"PropertyValueSpecification","valueRequired":true,"valueName":"search_term_string"}}],"inLanguage":"es"},{"@type":"Organization","@id":"https:\/\/unidelbw.mx\/#organization","name":"Unidel BW","url":"https:\/\/unidelbw.mx\/","logo":{"@type":"ImageObject","inLanguage":"es","@id":"https:\/\/unidelbw.mx\/#\/schema\/logo\/image\/","url":"https:\/\/i0.wp.com\/unidelbw.mx\/staging\/6191\/wp-content\/uploads\/2025\/09\/LogoUBW.webp?fit=250%2C250&ssl=1","contentUrl":"https:\/\/i0.wp.com\/unidelbw.mx\/staging\/6191\/wp-content\/uploads\/2025\/09\/LogoUBW.webp?fit=250%2C250&ssl=1","width":250,"height":250,"caption":"Unidel BW"},"image":{"@id":"https:\/\/unidelbw.mx\/#\/schema\/logo\/image\/"},"sameAs":["https:\/\/www.facebook.com\/unidelbw\/"]}]}},"jetpack_sharing_enabled":true,"_links":{"self":[{"href":"https:\/\/unidelbw.mx\/staging\/6191\/wp-json\/wp\/v2\/pages\/3","targetHints":{"allow":["GET"]}}],"collection":[{"href":"https:\/\/unidelbw.mx\/staging\/6191\/wp-json\/wp\/v2\/pages"}],"about":[{"href":"https:\/\/unidelbw.mx\/staging\/6191\/wp-json\/wp\/v2\/types\/page"}],"author":[{"embeddable":true,"href":"https:\/\/unidelbw.mx\/staging\/6191\/wp-json\/wp\/v2\/users\/1"}],"replies":[{"embeddable":true,"href":"https:\/\/unidelbw.mx\/staging\/6191\/wp-json\/wp\/v2\/comments?post=3"}],"version-history":[{"count":3,"href":"https:\/\/unidelbw.mx\/staging\/6191\/wp-json\/wp\/v2\/pages\/3\/revisions"}],"predecessor-version":[{"id":5988,"href":"https:\/\/unidelbw.mx\/staging\/6191\/wp-json\/wp\/v2\/pages\/3\/revisions\/5988"}],"wp:attachment":[{"href":"https:\/\/unidelbw.mx\/staging\/6191\/wp-json\/wp\/v2\/media?parent=3"}],"curies":[{"name":"wp","href":"https:\/\/api.w.org\/{rel}","templated":true}]}}